{"id":159,"date":"2024-02-18T20:31:28","date_gmt":"2024-02-18T19:31:28","guid":{"rendered":"https:\/\/astrolabe-suzac.fr\/?page_id=159"},"modified":"2024-02-18T20:40:17","modified_gmt":"2024-02-18T19:40:17","slug":"un-peu-dhistoire","status":"publish","type":"page","link":"https:\/\/astrolabe-suzac.fr\/index.php\/un-peu-dhistoire\/","title":{"rendered":"Un peu d&#8217;histoire&#8230;"},"content":{"rendered":"\n<div class=\"wp-block-columns is-layout-flex wp-container-core-columns-is-layout-9d6595d7 wp-block-columns-is-layout-flex\">\n<div class=\"wp-block-column is-layout-flow wp-block-column-is-layout-flow\" style=\"flex-basis:100%\">\n<div class=\"wp-block-columns is-layout-flex wp-container-core-columns-is-layout-9d6595d7 wp-block-columns-is-layout-flex\">\n<div class=\"wp-block-column is-layout-flow wp-block-column-is-layout-flow\">\n<figure class=\"wp-block-image size-full\"><img loading=\"lazy\" decoding=\"async\" width=\"987\" height=\"690\" src=\"http:\/\/astrolabe-suzac.fr\/wp-content\/uploads\/2024\/02\/16471907073446162384566124693677.jpg\" alt=\"\" class=\"wp-image-99\" srcset=\"https:\/\/astrolabe-suzac.fr\/wp-content\/uploads\/2024\/02\/16471907073446162384566124693677.jpg 987w, https:\/\/astrolabe-suzac.fr\/wp-content\/uploads\/2024\/02\/16471907073446162384566124693677-300x210.jpg 300w, https:\/\/astrolabe-suzac.fr\/wp-content\/uploads\/2024\/02\/16471907073446162384566124693677-768x537.jpg 768w, https:\/\/astrolabe-suzac.fr\/wp-content\/uploads\/2024\/02\/16471907073446162384566124693677-359x251.jpg 359w\" sizes=\"auto, (max-width: 987px) 100vw, 987px\" \/><\/figure>\n<\/div>\n\n\n\n<div class=\"wp-block-column is-layout-flow wp-block-column-is-layout-flow\">\n<figure class=\"wp-block-image size-full\"><img loading=\"lazy\" decoding=\"async\" width=\"500\" height=\"352\" src=\"https:\/\/astrolabe-suzac.fr\/wp-content\/uploads\/2024\/02\/2717984962.png\" alt=\"\" class=\"wp-image-97\" srcset=\"https:\/\/astrolabe-suzac.fr\/wp-content\/uploads\/2024\/02\/2717984962.png 500w, https:\/\/astrolabe-suzac.fr\/wp-content\/uploads\/2024\/02\/2717984962-300x211.png 300w, https:\/\/astrolabe-suzac.fr\/wp-content\/uploads\/2024\/02\/2717984962-359x253.png 359w\" sizes=\"auto, (max-width: 500px) 100vw, 500px\" \/><\/figure>\n<\/div>\n\n\n\n<div class=\"wp-block-column is-layout-flow wp-block-column-is-layout-flow\">\n<figure class=\"wp-block-image size-full\"><img loading=\"lazy\" decoding=\"async\" width=\"970\" height=\"674\" src=\"https:\/\/astrolabe-suzac.fr\/wp-content\/uploads\/2024\/02\/16471910025785772685292668685178.jpg\" alt=\"\" class=\"wp-image-98\" srcset=\"https:\/\/astrolabe-suzac.fr\/wp-content\/uploads\/2024\/02\/16471910025785772685292668685178.jpg 970w, https:\/\/astrolabe-suzac.fr\/wp-content\/uploads\/2024\/02\/16471910025785772685292668685178-300x208.jpg 300w, https:\/\/astrolabe-suzac.fr\/wp-content\/uploads\/2024\/02\/16471910025785772685292668685178-768x534.jpg 768w, https:\/\/astrolabe-suzac.fr\/wp-content\/uploads\/2024\/02\/16471910025785772685292668685178-359x249.jpg 359w\" sizes=\"auto, (max-width: 970px) 100vw, 970px\" \/><\/figure>\n<\/div>\n<\/div>\n<\/div>\n<\/div>\n\n\n\n<div class=\"wp-block-columns is-layout-flex wp-container-core-columns-is-layout-9d6595d7 wp-block-columns-is-layout-flex\">\n<div class=\"wp-block-column is-layout-flow wp-block-column-is-layout-flow\" style=\"flex-basis:33.33%\">\n<p>Le restaurant le Suzac a \u00e9t\u00e9 construit par M DELAGE de PONS pour \u00eatre confi\u00e9 \u00e0 sa fille en 1961. Rapidement, c&#8217;est la famille LHERMITTE, de LA ROCHELLE qui en a pris les commandes jusqu&#8217;en 1990.<\/p>\n\n\n\n<p>En 1995, il est transform\u00e9 en h\u00f4tel.<\/p>\n\n\n\n<p>Depuis les ann\u00e9es 2010, il est devenu une r\u00e9sidence de tourisme.<\/p>\n<\/div>\n\n\n\n<div class=\"wp-block-column is-layout-flow wp-block-column-is-layout-flow\" style=\"flex-basis:66.66%\">\n<figure class=\"wp-block-image size-full\"><img loading=\"lazy\" decoding=\"async\" width=\"817\" height=\"574\" src=\"http:\/\/astrolabe-suzac.fr\/wp-content\/uploads\/2024\/02\/1525717802.jpg\" alt=\"\" class=\"wp-image-96\" srcset=\"https:\/\/astrolabe-suzac.fr\/wp-content\/uploads\/2024\/02\/1525717802.jpg 817w, https:\/\/astrolabe-suzac.fr\/wp-content\/uploads\/2024\/02\/1525717802-300x211.jpg 300w, https:\/\/astrolabe-suzac.fr\/wp-content\/uploads\/2024\/02\/1525717802-768x540.jpg 768w, https:\/\/astrolabe-suzac.fr\/wp-content\/uploads\/2024\/02\/1525717802-359x252.jpg 359w\" sizes=\"auto, (max-width: 817px) 100vw, 817px\" \/><\/figure>\n<\/div>\n<\/div>\n","protected":false},"excerpt":{"rendered":"<p>Le restaurant le Suzac a \u00e9t\u00e9 construit par M DELAGE de PONS pour \u00eatre confi\u00e9 \u00e0 sa fille en 1961. Rapidement, c&#8217;est la famille LHERMITTE, &hellip;<\/p>\n","protected":false},"author":1,"featured_media":0,"parent":0,"menu_order":0,"comment_status":"closed","ping_status":"closed","template":"","meta":{"footnotes":""},"class_list":["post-159","page","type-page","status-publish","hentry"],"_links":{"self":[{"href":"https:\/\/astrolabe-suzac.fr\/index.php\/wp-json\/wp\/v2\/pages\/159","targetHints":{"allow":["GET"]}}],"collection":[{"href":"https:\/\/astrolabe-suzac.fr\/index.php\/wp-json\/wp\/v2\/pages"}],"about":[{"href":"https:\/\/astrolabe-suzac.fr\/index.php\/wp-json\/wp\/v2\/types\/page"}],"author":[{"embeddable":true,"href":"https:\/\/astrolabe-suzac.fr\/index.php\/wp-json\/wp\/v2\/users\/1"}],"replies":[{"embeddable":true,"href":"https:\/\/astrolabe-suzac.fr\/index.php\/wp-json\/wp\/v2\/comments?post=159"}],"version-history":[{"count":2,"href":"https:\/\/astrolabe-suzac.fr\/index.php\/wp-json\/wp\/v2\/pages\/159\/revisions"}],"predecessor-version":[{"id":179,"href":"https:\/\/astrolabe-suzac.fr\/index.php\/wp-json\/wp\/v2\/pages\/159\/revisions\/179"}],"wp:attachment":[{"href":"https:\/\/astrolabe-suzac.fr\/index.php\/wp-json\/wp\/v2\/media?parent=159"}],"curies":[{"name":"wp","href":"https:\/\/api.w.org\/{rel}","templated":true}]}}