{"id":158,"date":"2024-02-18T20:31:28","date_gmt":"2024-02-18T19:31:28","guid":{"rendered":"https:\/\/astrolabe-suzac.fr\/?page_id=158"},"modified":"2024-02-19T20:42:05","modified_gmt":"2024-02-19T19:42:05","slug":"tourisme-et-loisirs","status":"publish","type":"page","link":"https:\/\/astrolabe-suzac.fr\/index.php\/tourisme-et-loisirs\/","title":{"rendered":"Tourisme et loisirs"},"content":{"rendered":"\n<div class=\"wp-block-columns is-layout-flex wp-container-core-columns-is-layout-9d6595d7 wp-block-columns-is-layout-flex\">\n<div class=\"wp-block-column is-layout-flow wp-block-column-is-layout-flow\">\n<p>Plage avec zone surveill\u00e9e (Juillet-Ao\u00fbt), plage naturiste \u00e0 proximit\u00e9, balades et randonn\u00e9es, pistes cyclables, VTT , sports nautiques et aquatiques (jet-ski, planche \u00e0 voile, p\u00eache, marche aquatique), Parc Aventures et accrobranches, d\u00e9couverte du patrimoine local, mus\u00e9es, \u00e9quitation, golf, tennis, discoth\u00e8ques, casinos, thalassoth\u00e9rapie et centre de fitness, restaurants, cin\u00e9mas, zoo et parc d&#8217;attractions de la Palmyre, sorties en mer au d\u00e9part du port de Royan (c\u00f4te royannaise et jusqu&#8217;au majestueux phare de Cordouan et ses magnifiques bancs de sable), bac-ferry ROYAN &#8211; LE VERDON (d\u00e9couverte de la pointe de Grave, du Verdon, de Soulac\/mer, etc.).<\/p>\n\n\n\n<p><br><strong>Saint-Georges-de-Didonne :&nbsp;Office de Tourisme<\/strong><\/p>\n\n\n\n<p>12 rue Autrusseau<br>17110 Saint-Georges-de-Didonne<\/p>\n\n\n\n<p><a href=\"https:\/\/www.royanatlantique.fr\/contact\/\" target=\"_blank\" rel=\"noreferrer noopener\">Contact<\/a> \/ <a href=\"https:\/\/www.royanatlantique.fr\/offices-tourisme\/office-de-tourisme-saint-georges-de-didonne-destination-royan-atlantique-saint-georges-de-didonne\/\" target=\"_blank\" rel=\"noreferrer noopener\">Site Web<\/a> \/ <a href=\"https:\/\/www.facebook.com\/RoyanAtlantiqueDestination\" target=\"_blank\" rel=\"noreferrer noopener\">Page Facebook<\/a><\/p>\n\n\n\n<div class=\"wp-block-group\"><div class=\"wp-block-group__inner-container is-layout-constrained wp-block-group-is-layout-constrained\">\n<p><br><strong>Informations diverses :<\/strong><br><br><a href=\"https:\/\/meteofrance.com\/previsions-meteo-france\/saint-georges-de-didonne\/17110\" target=\"_blank\" rel=\"noreferrer noopener\">M\u00e9t\u00e9o du jour<\/a><br><a href=\"https:\/\/maree.shom.fr\/harbor\/ROYAN\/\" target=\"_blank\" rel=\"noreferrer noopener\">Horaires mar\u00e9es<br><\/a><a href=\"https:\/\/plandecommune.fr\/_im\/list\/StGeorgesDidonne\/index.html\" target=\"_blank\" rel=\"noreferrer noopener\">Plan interactif de Saint-Georges de Didonne<\/a><br><a href=\"https:\/\/www.royanatlantique.fr\/webcam\/saint-georges-de-didonne-grande-plage\/\" target=\"_blank\" rel=\"noreferrer noopener\">Webcam de Saint-Georges de Didonne<\/a><\/p>\n<\/div><\/div>\n<\/div>\n\n\n\n<div class=\"wp-block-column is-layout-flow wp-block-column-is-layout-flow\">\n<p><em>Beach with supervised area (July-August), naturist beach nearby, walks and hikes, cycle paths, mountain biking, water and aquatic sports (jet-skiing, windsurfing, fishing, water walking), Adventure Park and tree climbing, discovery of the local heritage, museums, horse riding, golf, tennis, discotheques, casinos, thalassotherapy and fitness centre, restaurants, cinemas, La Palmyre&#8217;s zoo and amusement park, sea trips from the port of Royan (royan&#8217;s coast and up to the majestic Cordouan lighthouse and its magnificent sandbanks), ROYAN &#8211; LE VERDON ferry (discovery of the &#8220;Pointe de Grave&#8221;, Verdon, Soulac on sea, etc.).<\/em><\/p>\n<\/div>\n<\/div>\n\n\n\n<p>Ce studio peut vous accueillir \u00e9galement pour vos cures thermales de 3 semaines (<a href=\"https:\/\/www.thermes-saujon.fr\/cure-thermale\/les-thermes\/presentation\/\" target=\"_blank\" rel=\"noreferrer noopener\">thermes de Saujon<\/a>, \u00e0 15 kms seulement), alliant ainsi vacances, d\u00e9tente et soins.<\/p>\n\n\n\n<figure class=\"wp-block-image size-full\"><img loading=\"lazy\" decoding=\"async\" width=\"800\" height=\"450\" src=\"https:\/\/astrolabe-suzac.fr\/wp-content\/uploads\/2024\/02\/thermes.webp\" alt=\"\" class=\"wp-image-75\" srcset=\"https:\/\/astrolabe-suzac.fr\/wp-content\/uploads\/2024\/02\/thermes.webp 800w, https:\/\/astrolabe-suzac.fr\/wp-content\/uploads\/2024\/02\/thermes-300x169.webp 300w, https:\/\/astrolabe-suzac.fr\/wp-content\/uploads\/2024\/02\/thermes-768x432.webp 768w, https:\/\/astrolabe-suzac.fr\/wp-content\/uploads\/2024\/02\/thermes-359x202.webp 359w\" sizes=\"auto, (max-width: 800px) 100vw, 800px\" \/><\/figure>\n","protected":false},"excerpt":{"rendered":"<p>Plage avec zone surveill\u00e9e (Juillet-Ao\u00fbt), plage naturiste \u00e0 proximit\u00e9, balades et randonn\u00e9es, pistes cyclables, VTT , sports nautiques et aquatiques (jet-ski, planche \u00e0 voile, p\u00eache, &hellip;<\/p>\n","protected":false},"author":1,"featured_media":0,"parent":0,"menu_order":0,"comment_status":"closed","ping_status":"closed","template":"","meta":{"footnotes":""},"class_list":["post-158","page","type-page","status-publish","hentry"],"_links":{"self":[{"href":"https:\/\/astrolabe-suzac.fr\/index.php\/wp-json\/wp\/v2\/pages\/158","targetHints":{"allow":["GET"]}}],"collection":[{"href":"https:\/\/astrolabe-suzac.fr\/index.php\/wp-json\/wp\/v2\/pages"}],"about":[{"href":"https:\/\/astrolabe-suzac.fr\/index.php\/wp-json\/wp\/v2\/types\/page"}],"author":[{"embeddable":true,"href":"https:\/\/astrolabe-suzac.fr\/index.php\/wp-json\/wp\/v2\/users\/1"}],"replies":[{"embeddable":true,"href":"https:\/\/astrolabe-suzac.fr\/index.php\/wp-json\/wp\/v2\/comments?post=158"}],"version-history":[{"count":5,"href":"https:\/\/astrolabe-suzac.fr\/index.php\/wp-json\/wp\/v2\/pages\/158\/revisions"}],"predecessor-version":[{"id":282,"href":"https:\/\/astrolabe-suzac.fr\/index.php\/wp-json\/wp\/v2\/pages\/158\/revisions\/282"}],"wp:attachment":[{"href":"https:\/\/astrolabe-suzac.fr\/index.php\/wp-json\/wp\/v2\/media?parent=158"}],"curies":[{"name":"wp","href":"https:\/\/api.w.org\/{rel}","templated":true}]}}