{"id":149,"date":"2024-02-18T20:24:30","date_gmt":"2024-02-18T19:24:30","guid":{"rendered":"https:\/\/astrolabe-suzac.fr\/?page_id=149"},"modified":"2024-02-18T20:35:27","modified_gmt":"2024-02-18T19:35:27","slug":"descriptif","status":"publish","type":"page","link":"https:\/\/astrolabe-suzac.fr\/index.php\/descriptif\/","title":{"rendered":"Descriptif"},"content":{"rendered":"\n<div class=\"wp-block-columns is-layout-flex wp-container-core-columns-is-layout-9d6595d7 wp-block-columns-is-layout-flex\">\n<div class=\"wp-block-column is-layout-flow wp-block-column-is-layout-flow\">\n<p><strong><u>Descriptif de l&#8217;h\u00e9bergement :<\/u><\/strong><\/p>\n\n\n\n<p>&#8211; <strong>Superficie : 27 m\u00b2<\/strong><\/p>\n\n\n\n<p>&#8211; <strong>Entr\u00e9e avec placard<\/strong> double porte int\u00e9grant un cumulus, un four micro-ondes, un r\u00e9frig\u00e9rateur table top, des \u00e9tag\u00e8res de rangement, un mini escabeau, un kit de nettoyage.<\/p>\n\n\n\n<p>&#8211; <strong>Pi\u00e8ce \u00e0 vivre<\/strong> avec une grande baie vitr\u00e9e et balcon panoramiques surplombant la plage et l&#8217;oc\u00e9an. Cette pi\u00e8ce est \u00e9quip\u00e9e d&#8217;un grand meuble int\u00e9grant un grand lit double escamotable de <strong>160&#215;200 cm<\/strong> se transformant apr\u00e8s relevage en canap\u00e9, ce meuble propose \u00e9galement une partie rangement avec de grands tiroirs et \u00e9tag\u00e8res; d\u2019une penderie,d&#8217;un aspirateur, d&#8217;un balai, d&#8217;un fer et une planche \u00e0 repasser, d&#8217;une table de salon, d&#8217;un radiateur \u00e9lectrique 1500W derni\u00e8re g\u00e9n\u00e9ration, d&#8217;une table avec deux chaises hautes de bar vous permettant de manger face \u00e0 l&#8217;oc\u00e9an, d&#8217;un buffet de rangement, d&#8217;une t\u00e9l\u00e9vision grand \u00e9cran 4K connect\u00e9e. L\u2019appartement poss\u00e8de un <strong>acc\u00e8s WIFI<\/strong> via une box internet.<\/p>\n\n\n\n<p>&#8211; <strong>Kitchenette refaite \u00e0 neuf <\/strong>(2022) \u00e9quip\u00e9e d&#8217;une plaque de cuisson induction 2 feux, d\u2019une hotte aspirante, d&#8217;un lave-vaisselle, d\u2019un four \u00e9lectrique traditionnel \u00e0 chaleur tournante, d&#8217;une machine \u00e0 laver s\u00e9chante, d&#8217;une cafeti\u00e8re \u00e9lectrique, d&#8217;un grille-pain, d&#8217;une bouilloire, d&#8217;une machine \u00e0 caf\u00e9 Nespresso, de la vaisselle et couverts n\u00e9cessaires pour 2 personnes, d&#8217;ustensiles de cuisine, d&#8217;une poubelle 30L et d&#8217;un radiateur \u00e9lectrique 1000W.<\/p>\n\n\n\n<p>&#8211; <strong>Salle d&#8217;eau refaite \u00e0 neuf<\/strong> (2021) \u00e9quip\u00e9e d&#8217;un radiateur \u00e9lectrique s\u00e8che-serviettes 500W, d&#8217;une douche \u00e0 l\u2019italienne avec receveur extra-plat 80&#215;160 cm, d&#8217;une colonne de douche avec mitigeur thermostatique, d&#8217;une paroi de douche en verre securit, d&#8217;un WC suspendu, d&#8217;un meuble vasque largeur 80cm et d&#8217;un miroir \u00e9clairant grand format, d&#8217;un s\u00e8che-cheveux.<\/p>\n\n\n\n<p>&#8211; <strong>Parking priv\u00e9 ferm\u00e9 et s\u00e9curis\u00e9 par portails avec digicode et n\u00b0 de place attribu\u00e9e<\/strong>.<\/p>\n\n\n\n<p>A noter :<\/p>\n\n\n\n<p>&#8211; Pas d&#8217;accessibilit\u00e9 pour les personnes handicap\u00e9es,<\/p>\n\n\n\n<p>&#8211; Animaux non admis,<\/p>\n\n\n\n<p>&#8211; H\u00e9bergement NON-FUMEURS,<\/p>\n\n\n\n<p>&#8211; Linges de lit, de toilette et de cuisine non fournis,<\/p>\n\n\n\n<p>&#8211; <strong>Prestation payante (30\u20ac)<\/strong> : draps housse (160x200cm), housse de couette, jeux de taies d\u2019oreillers (50&#215;70 cms et 60&#215;60 cms). Lit fait \u00e0 l&#8217;arriv\u00e9e.<\/p>\n<\/div>\n\n\n\n<div class=\"wp-block-column is-layout-flow wp-block-column-is-layout-flow\">\n<p><strong><u><em>Description of accommodation:<\/em><\/u><\/strong><\/p>\n\n\n\n<p><em>&#8211; <strong>Area: 27 m\u00b2<\/strong>&nbsp;<\/em><\/p>\n\n\n\n<p><em>&#8211; <strong>Entrance<\/strong> with double door cupboard integrating a cumulus, a microwave oven, a table top refrigerator, storage shelves, a mini stepladder, a cleaning kit.<\/em><\/p>\n\n\n\n<p><em>&#8211; <strong>Living room<\/strong> with a large bay window and panoramic balcony overlooking the beach and the ocean. This room is equipped with a large piece of furniture incorporating a large retractable double bed of <strong>160&#215;200 cm<\/strong> which can be transformed into a sofa after being raised. This piece of furniture also offers a storage area with large drawers and shelves; a wardrobe, a vacuum cleaner, a broom, an iron and an ironing board, a coffee table, a latest generation 1500W electric heater, a table with two high chairs of bar allowing you to eat facing the ocean, a storage buffet, a large screen 4K connected television.&nbsp;<\/em><\/p>\n\n\n\n<p><em>The apartment has <strong>WIFI access<\/strong> via an internet box.&nbsp;<\/em><\/p>\n\n\n\n<p><em>&#8211; <strong>Refurbished kitchenette<\/strong> (2022) equipped with a 2-burner induction hob, an extractor hood, a dishwasher, a traditional electric fan oven, a washer-dryer, an electric coffee maker, a toaster, a kettle, a Nespresso coffee machine, crockery and cutlery needed for 2 people, kitchen utensils, a 30L trash can and a 1000W electric heater.&nbsp;<\/em><\/p>\n\n\n\n<p><em>&#8211; <strong>Renovated bathroom<\/strong> (2021) equipped with a 500W electric towel radiator, a walk-in shower with an 80&#215;160 cm extra-flat shower tray, a shower column with a thermostatic mixer, a safety glass shower screen, a wall-hung toilet, an 80cm wide washbasin cabinet and a large format lighting mirror, a hair dryer.&nbsp;<\/em><\/p>\n\n\n\n<p><em>&#8211; <strong>Private car park closed and secured by gates with digicode and allocated space number.<\/strong>&nbsp;<\/em><\/p>\n\n\n\n<p><em><u>To note<\/u> :<\/em><\/p>\n\n\n\n<p><em>&#8211; No accessibility for people with disabilities,&nbsp;<\/em><\/p>\n\n\n\n<p><em>&#8211; Pets not allowed,&nbsp;<\/em><\/p>\n\n\n\n<p><em>&#8211; NON-SMOKING accommodation,&nbsp;<\/em><\/p>\n\n\n\n<p><em>&#8211; Bed, bathroom and kitchen linen not provided,&nbsp;<\/em><\/p>\n\n\n\n<p><em>&#8211; <u><strong>Paid service (30\u20ac)<\/strong><\/u>: fitted sheets (160x200cm), duvet cover, sets of pillowcases (50&#215;70 cms and 60&#215;60 cms). Bed made on arrival.<\/em><\/p>\n<\/div>\n<\/div>\n","protected":false},"excerpt":{"rendered":"<p>Descriptif de l&#8217;h\u00e9bergement : &#8211; Superficie : 27 m\u00b2 &#8211; Entr\u00e9e avec placard double porte int\u00e9grant un cumulus, un four micro-ondes, un r\u00e9frig\u00e9rateur table top, &hellip;<\/p>\n","protected":false},"author":1,"featured_media":0,"parent":0,"menu_order":0,"comment_status":"closed","ping_status":"closed","template":"","meta":{"footnotes":""},"class_list":["post-149","page","type-page","status-publish","hentry"],"_links":{"self":[{"href":"https:\/\/astrolabe-suzac.fr\/index.php\/wp-json\/wp\/v2\/pages\/149","targetHints":{"allow":["GET"]}}],"collection":[{"href":"https:\/\/astrolabe-suzac.fr\/index.php\/wp-json\/wp\/v2\/pages"}],"about":[{"href":"https:\/\/astrolabe-suzac.fr\/index.php\/wp-json\/wp\/v2\/types\/page"}],"author":[{"embeddable":true,"href":"https:\/\/astrolabe-suzac.fr\/index.php\/wp-json\/wp\/v2\/users\/1"}],"replies":[{"embeddable":true,"href":"https:\/\/astrolabe-suzac.fr\/index.php\/wp-json\/wp\/v2\/comments?post=149"}],"version-history":[{"count":2,"href":"https:\/\/astrolabe-suzac.fr\/index.php\/wp-json\/wp\/v2\/pages\/149\/revisions"}],"predecessor-version":[{"id":175,"href":"https:\/\/astrolabe-suzac.fr\/index.php\/wp-json\/wp\/v2\/pages\/149\/revisions\/175"}],"wp:attachment":[{"href":"https:\/\/astrolabe-suzac.fr\/index.php\/wp-json\/wp\/v2\/media?parent=149"}],"curies":[{"name":"wp","href":"https:\/\/api.w.org\/{rel}","templated":true}]}}