{"id":137,"date":"2024-02-18T20:09:23","date_gmt":"2024-02-18T19:09:23","guid":{"rendered":"https:\/\/astrolabe-suzac.fr\/?page_id=137"},"modified":"2025-05-11T16:38:27","modified_gmt":"2025-05-11T14:38:27","slug":"presentation","status":"publish","type":"page","link":"https:\/\/astrolabe-suzac.fr\/index.php\/presentation\/","title":{"rendered":"Pr\u00e9sentation"},"content":{"rendered":"\n<div class=\"wp-block-columns is-layout-flex wp-container-core-columns-is-layout-9d6595d7 wp-block-columns-is-layout-flex\">\n<div class=\"wp-block-column is-layout-flow wp-block-column-is-layout-flow\">\n<div class=\"wp-block-group is-vertical is-layout-flex wp-container-core-group-is-layout-8cf370e7 wp-block-group-is-layout-flex\">\n<p>Id\u00e9alement situ\u00e9, entre mer, plage et for\u00eat, au 1er \u00e9tage d&#8217;une petite r\u00e9sidence s\u00e9curis\u00e9e et les pieds dans l&#8217;eau, le Studio &#8220;L\u2019Astrolabe&#8221; offre une vue panoramique imprenable sur la grande plage de St-Georges de Didonne et sur l&#8217;oc\u00e9an Atlantique. Con\u00e7u pour accueillir un couple, il dispose d&#8217;un balcon, d&#8217;un acc\u00e8s rapide \u00e0 la plage et d&#8217;un parking priv\u00e9 s\u00e9curis\u00e9 avec place attitr\u00e9e.&nbsp;<\/p>\n\n\n\n<p>Confortable et tr\u00e8s lumineux, ses \u00e9quipements correspondent \u00e0 son classement 4* \u00e9toiles (obtenu selon les nouvelles normes 2022). Ce classement n&#8217;est pas obligatoire, il est demand\u00e9 par le propri\u00e9taire des lieux, son objectif \u00e9tant de garantir aux locataires un bon niveau de prestations et de confort.<\/p>\n\n\n\n<p>Retrouvez nous aussi sur les sites de location <a href=\"https:\/\/www.leboncoin.fr\/ad\/locations_saisonnieres\/2941850247\" target=\"_blank\" rel=\"noreferrer noopener\">LE BON COIN<\/a> et <a href=\"https:\/\/www.airbnb.fr\/rooms\/636090043746694057?adults=2&amp;federated_search_id=04befef2-ff2d-4f2b-9b00-b126a30570fb&amp;source_impression_id=p3_1654545175_jos67E5k8ahh4b1P&amp;guests=1\" target=\"_blank\" rel=\"noreferrer noopener\">AIRBNB<\/a>.<\/p>\n<\/div>\n<\/div>\n\n\n\n<div class=\"wp-block-column is-layout-flow wp-block-column-is-layout-flow\">\n<p><em>Ideally located, between sea, beach and forest, on the 1st floor of a small secured residence and right on the water, the Studio &#8220;L&#8217;Astrolabe&#8221; offers a breathtaking panoramic view of the large beach of St-Georges de Didonne and on the Atlantic Ocean. Designed to accommodate a couple, it has a balcony, a quick access to the beach and a secured private parking with an assigned space.<br><br>Comfortable and very bright, its equipment corresponds to its 4* stars classification (according to the new 2022 standards). This classification is not mandatory, it is requested by the owner , his objective being to guarantee tenants a good level of services and comfort.<\/em><\/p>\n\n\n\n<p><em>You can also find us on <\/em><a href=\"https:\/\/www.leboncoin.fr\/ad\/locations_saisonnieres\/2941850247\" target=\"_blank\" rel=\"noreferrer noopener\">LE BON COIN<\/a><a href=\"https:\/\/www.amivac.com\/location-vacances\/annonce-93350862?nbAdultes=2\" target=\"_blank\" rel=\"noreferrer noopener\"><\/a><em><a href=\"https:\/\/www.amivac.com\/location-vacances\/annonce-93350862?nbAdultes=2\" target=\"_blank\" rel=\"noreferrer noopener\"><\/a> and\u00a0<\/em><a href=\"https:\/\/www.airbnb.fr\/rooms\/636090043746694057?adults=2&amp;federated_search_id=04befef2-ff2d-4f2b-9b00-b126a30570fb&amp;source_impression_id=p3_1654545175_jos67E5k8ahh4b1P&amp;guests=1\" target=\"_blank\" rel=\"noreferrer noopener\">AIRBNB<\/a><em> rental sites.<\/em><\/p>\n<\/div>\n<\/div>\n","protected":false},"excerpt":{"rendered":"<p>Id\u00e9alement situ\u00e9, entre mer, plage et for\u00eat, au 1er \u00e9tage d&#8217;une petite r\u00e9sidence s\u00e9curis\u00e9e et les pieds dans l&#8217;eau, le Studio &#8220;L\u2019Astrolabe&#8221; offre une vue &hellip;<\/p>\n","protected":false},"author":1,"featured_media":0,"parent":0,"menu_order":0,"comment_status":"closed","ping_status":"closed","template":"","meta":{"footnotes":""},"class_list":["post-137","page","type-page","status-publish","hentry"],"_links":{"self":[{"href":"https:\/\/astrolabe-suzac.fr\/index.php\/wp-json\/wp\/v2\/pages\/137","targetHints":{"allow":["GET"]}}],"collection":[{"href":"https:\/\/astrolabe-suzac.fr\/index.php\/wp-json\/wp\/v2\/pages"}],"about":[{"href":"https:\/\/astrolabe-suzac.fr\/index.php\/wp-json\/wp\/v2\/types\/page"}],"author":[{"embeddable":true,"href":"https:\/\/astrolabe-suzac.fr\/index.php\/wp-json\/wp\/v2\/users\/1"}],"replies":[{"embeddable":true,"href":"https:\/\/astrolabe-suzac.fr\/index.php\/wp-json\/wp\/v2\/comments?post=137"}],"version-history":[{"count":7,"href":"https:\/\/astrolabe-suzac.fr\/index.php\/wp-json\/wp\/v2\/pages\/137\/revisions"}],"predecessor-version":[{"id":378,"href":"https:\/\/astrolabe-suzac.fr\/index.php\/wp-json\/wp\/v2\/pages\/137\/revisions\/378"}],"wp:attachment":[{"href":"https:\/\/astrolabe-suzac.fr\/index.php\/wp-json\/wp\/v2\/media?parent=137"}],"curies":[{"name":"wp","href":"https:\/\/api.w.org\/{rel}","templated":true}]}}